{"id":213,"date":"2023-08-14T13:20:08","date_gmt":"2023-08-14T11:20:08","guid":{"rendered":"https:\/\/schrottpreise-aktuell.org\/?page_id=213"},"modified":"2023-08-14T23:56:51","modified_gmt":"2023-08-14T21:56:51","slug":"ueber-uns","status":"publish","type":"page","link":"https:\/\/schrottpreise-aktuell.org\/en\/about-us\/","title":{"rendered":"About Us"},"content":{"rendered":"<p>With this website we would like to give you an insight into the <a href=\"https:\/\/schrottpreise-aktuell.org\/en\/\">current scrap prices<\/a> give.<\/p>\n<p>In addition, you will receive valuable information about the individual types of scrap and numerous tips on how you can increase sales revenue.<\/p>\n<p>If you are interested in the development of individual scrap prices, you will find many summaries and diagrams on our site showing the price development of metals over the last ten years.<\/p>\n<p>Of course, our website is continually expanded and maintained. If you have any suggestions or questions, please feel free to contact us.<\/p>\n<p>Our team strives to keep the scrap prices on this website up to date. However, due to strong fluctuations on the global market, deviations may occur.<\/p>\n<p>We wish you much success in collecting and selling scrap metal and <a href=\"https:\/\/schrottpreise-aktuell.org\/en\/e-waste-price\/\">Electronic waste<\/a>.<\/p>","protected":false},"excerpt":{"rendered":"<p>With this website we would like to give you an insight into the current scrap prices. In addition, you will receive valuable information about the individual types of scrap and numerous tips on how you can increase your sales revenue. If you are interested in the development of the individual scrap prices, you will find many summaries and diagrams on our site that show the price development of the metals in...&nbsp;<a href=\"https:\/\/schrottpreise-aktuell.org\/en\/about-us\/\" rel=\"bookmark\">Read More \u00bb<span class=\"screen-reader-text\">About Us<\/span><\/a><\/p>","protected":false},"author":1,"featured_media":0,"parent":0,"menu_order":0,"comment_status":"closed","ping_status":"closed","template":"","meta":{"neve_meta_sidebar":"","neve_meta_container":"","neve_meta_enable_content_width":"off","neve_meta_content_width":100,"neve_meta_title_alignment":"","neve_meta_author_avatar":"","neve_post_elements_order":"","neve_meta_disable_header":"","neve_meta_disable_footer":"","neve_meta_disable_title":"","neve_meta_reading_time":"","footnotes":""},"class_list":["post-213","page","type-page","status-publish","hentry"],"yoast_head":"<!-- This site is optimized with the Yoast SEO plugin v26.6 - https:\/\/yoast.com\/wordpress\/plugins\/seo\/ -->\n<title>\u00dcber uns - schrottpreise-aktuell.org<\/title>\n<meta name=\"robots\" content=\"index, follow, max-snippet:-1, max-image-preview:large, max-video-preview:-1\" \/>\n<link rel=\"canonical\" href=\"https:\/\/schrottpreise-aktuell.org\/en\/about-us\/\" \/>\n<meta property=\"og:locale\" content=\"en_US\" \/>\n<meta property=\"og:type\" content=\"article\" \/>\n<meta property=\"og:title\" content=\"\u00dcber uns - schrottpreise-aktuell.org\" \/>\n<meta property=\"og:description\" content=\"Wir m\u00f6chten Ihnen mit dieser Webseite einen Einblick in die aktuellen Schrottpreise geben. Zus\u00e4tzlich erhalten Sie hier wertvolle Informationen zu den einzelnen Schrottarten und zahlreiche Tipps, wie Sie den Verkaufserl\u00f6s steigern k\u00f6nnen. Wer sich f\u00fcr die Entwicklung der einzelnen Schrottpreise interessiert, findet auf unserer Seite viele Zusammenfassungen und Diagramme, welche die Preisentwicklung der Metalle in&hellip;&nbsp;Read More &raquo;\u00dcber uns\" \/>\n<meta property=\"og:url\" content=\"https:\/\/schrottpreise-aktuell.org\/en\/about-us\/\" \/>\n<meta property=\"og:site_name\" content=\"schrottpreise-aktuell.org\" \/>\n<meta property=\"article:modified_time\" content=\"2023-08-14T21:56:51+00:00\" \/>\n<meta name=\"twitter:card\" content=\"summary_large_image\" \/>\n<meta name=\"twitter:label1\" content=\"Est. reading time\" \/>\n\t<meta name=\"twitter:data1\" content=\"1 minute\" \/>\n<script type=\"application\/ld+json\" class=\"yoast-schema-graph\">{\"@context\":\"https:\/\/schema.org\",\"@graph\":[{\"@type\":\"WebPage\",\"@id\":\"https:\/\/schrottpreise-aktuell.org\/ueber-uns\/\",\"url\":\"https:\/\/schrottpreise-aktuell.org\/ueber-uns\/\",\"name\":\"\u00dcber uns - schrottpreise-aktuell.org\",\"isPartOf\":{\"@id\":\"https:\/\/schrottpreise-aktuell.org\/#website\"},\"datePublished\":\"2023-08-14T11:20:08+00:00\",\"dateModified\":\"2023-08-14T21:56:51+00:00\",\"breadcrumb\":{\"@id\":\"https:\/\/schrottpreise-aktuell.org\/ueber-uns\/#breadcrumb\"},\"inLanguage\":\"en-US\",\"potentialAction\":[{\"@type\":\"ReadAction\",\"target\":[\"https:\/\/schrottpreise-aktuell.org\/ueber-uns\/\"]}]},{\"@type\":\"BreadcrumbList\",\"@id\":\"https:\/\/schrottpreise-aktuell.org\/ueber-uns\/#breadcrumb\",\"itemListElement\":[{\"@type\":\"ListItem\",\"position\":1,\"name\":\"Startseite\",\"item\":\"https:\/\/schrottpreise-aktuell.org\/\"},{\"@type\":\"ListItem\",\"position\":2,\"name\":\"\u00dcber uns\"}]},{\"@type\":\"WebSite\",\"@id\":\"https:\/\/schrottpreise-aktuell.org\/#website\",\"url\":\"https:\/\/schrottpreise-aktuell.org\/\",\"name\":\"schrottpreise-aktuell.org\",\"description\":\"\",\"potentialAction\":[{\"@type\":\"SearchAction\",\"target\":{\"@type\":\"EntryPoint\",\"urlTemplate\":\"https:\/\/schrottpreise-aktuell.org\/?s={search_term_string}\"},\"query-input\":{\"@type\":\"PropertyValueSpecification\",\"valueRequired\":true,\"valueName\":\"search_term_string\"}}],\"inLanguage\":\"en-US\"}]}<\/script>\n<!-- \/ Yoast SEO plugin. -->","yoast_head_json":{"title":"About us - schrottpreise-aktuell.org","robots":{"index":"index","follow":"follow","max-snippet":"max-snippet:-1","max-image-preview":"max-image-preview:large","max-video-preview":"max-video-preview:-1"},"canonical":"https:\/\/schrottpreise-aktuell.org\/en\/about-us\/","og_locale":"en_US","og_type":"article","og_title":"\u00dcber uns - schrottpreise-aktuell.org","og_description":"Wir m\u00f6chten Ihnen mit dieser Webseite einen Einblick in die aktuellen Schrottpreise geben. Zus\u00e4tzlich erhalten Sie hier wertvolle Informationen zu den einzelnen Schrottarten und zahlreiche Tipps, wie Sie den Verkaufserl\u00f6s steigern k\u00f6nnen. Wer sich f\u00fcr die Entwicklung der einzelnen Schrottpreise interessiert, findet auf unserer Seite viele Zusammenfassungen und Diagramme, welche die Preisentwicklung der Metalle in&hellip;&nbsp;Read More &raquo;\u00dcber uns","og_url":"https:\/\/schrottpreise-aktuell.org\/en\/about-us\/","og_site_name":"schrottpreise-aktuell.org","article_modified_time":"2023-08-14T21:56:51+00:00","twitter_card":"summary_large_image","twitter_misc":{"Est. reading time":"1 minute"},"schema":{"@context":"https:\/\/schema.org","@graph":[{"@type":"WebPage","@id":"https:\/\/schrottpreise-aktuell.org\/ueber-uns\/","url":"https:\/\/schrottpreise-aktuell.org\/ueber-uns\/","name":"About us - schrottpreise-aktuell.org","isPartOf":{"@id":"https:\/\/schrottpreise-aktuell.org\/#website"},"datePublished":"2023-08-14T11:20:08+00:00","dateModified":"2023-08-14T21:56:51+00:00","breadcrumb":{"@id":"https:\/\/schrottpreise-aktuell.org\/ueber-uns\/#breadcrumb"},"inLanguage":"en-US","potentialAction":[{"@type":"ReadAction","target":["https:\/\/schrottpreise-aktuell.org\/ueber-uns\/"]}]},{"@type":"BreadcrumbList","@id":"https:\/\/schrottpreise-aktuell.org\/ueber-uns\/#breadcrumb","itemListElement":[{"@type":"ListItem","position":1,"name":"Startseite","item":"https:\/\/schrottpreise-aktuell.org\/"},{"@type":"ListItem","position":2,"name":"\u00dcber uns"}]},{"@type":"WebSite","@id":"https:\/\/schrottpreise-aktuell.org\/#website","url":"https:\/\/schrottpreise-aktuell.org\/","name":"scrapprices-aktuell.org","description":"","potentialAction":[{"@type":"SearchAction","target":{"@type":"EntryPoint","urlTemplate":"https:\/\/schrottpreise-aktuell.org\/?s={search_term_string}"},"query-input":{"@type":"PropertyValueSpecification","valueRequired":true,"valueName":"search_term_string"}}],"inLanguage":"en-US"}]}},"_links":{"self":[{"href":"https:\/\/schrottpreise-aktuell.org\/en\/wp-json\/wp\/v2\/pages\/213","targetHints":{"allow":["GET"]}}],"collection":[{"href":"https:\/\/schrottpreise-aktuell.org\/en\/wp-json\/wp\/v2\/pages"}],"about":[{"href":"https:\/\/schrottpreise-aktuell.org\/en\/wp-json\/wp\/v2\/types\/page"}],"author":[{"embeddable":true,"href":"https:\/\/schrottpreise-aktuell.org\/en\/wp-json\/wp\/v2\/users\/1"}],"replies":[{"embeddable":true,"href":"https:\/\/schrottpreise-aktuell.org\/en\/wp-json\/wp\/v2\/comments?post=213"}],"version-history":[{"count":3,"href":"https:\/\/schrottpreise-aktuell.org\/en\/wp-json\/wp\/v2\/pages\/213\/revisions"}],"predecessor-version":[{"id":319,"href":"https:\/\/schrottpreise-aktuell.org\/en\/wp-json\/wp\/v2\/pages\/213\/revisions\/319"}],"wp:attachment":[{"href":"https:\/\/schrottpreise-aktuell.org\/en\/wp-json\/wp\/v2\/media?parent=213"}],"curies":[{"name":"wp","href":"https:\/\/api.w.org\/{rel}","templated":true}]}}