{"id":17,"date":"2023-05-24T20:52:57","date_gmt":"2023-05-24T18:52:57","guid":{"rendered":"https:\/\/schrottpreise-aktuell.org\/?page_id=17"},"modified":"2025-12-30T04:52:05","modified_gmt":"2025-12-30T03:52:05","slug":"aktuelle-schrottpreise","status":"publish","type":"page","link":"https:\/\/schrottpreise-aktuell.org\/en\/","title":{"rendered":"Current scrap prices"},"content":{"rendered":"<h1>Current scrap prices for 1 kilo of scrap<\/h1>\n<p><img decoding=\"async\" class=\"aligncenter wp-image-312 size-full\" src=\"https:\/\/schrottpreise-aktuell.org\/wp-content\/uploads\/2023\/08\/scrap-metal-1124723_640.jpg\" alt=\"Current scrap prices\" width=\"640\" height=\"427\" srcset=\"https:\/\/schrottpreise-aktuell.org\/wp-content\/uploads\/2023\/08\/scrap-metal-1124723_640.jpg 640w, https:\/\/schrottpreise-aktuell.org\/wp-content\/uploads\/2023\/08\/scrap-metal-1124723_640-300x200.jpg 300w\" sizes=\"(max-width: 640px) 100vw, 640px\" \/><\/p>\n<p>You can find the current kilogram prices for metal and electronic scrap in a table on our website. We also provide you with valuable market data from the scrap industry, as well as numerous tips for selling scrap.<\/p>\n<h2>Table of current scrap metal prices as of May 6, 2026<\/h2>\n\n<table id=\"tablepress-1\" class=\"tablepress tablepress-id-1\">\n<thead>\n<tr class=\"row-1\">\n\t<th class=\"column-1\">Art<\/th><th class=\"column-2\">Average price per kilo in euros<\/th>\n<\/tr>\n<\/thead>\n<tbody class=\"row-striping row-hover\">\n<tr class=\"row-2\">\n\t<td class=\"column-1\">aluminum<\/td><td class=\"column-2\">1.84 euros\/kg*<\/td>\n<\/tr>\n<tr class=\"row-3\">\n\t<td class=\"column-1\">Lead<\/td><td class=\"column-2\">1.59 euros\/kg*<\/td>\n<\/tr>\n<tr class=\"row-4\">\n\t<td class=\"column-1\">stainless steel<\/td><td class=\"column-2\">1.09 euros\/kg*<\/td>\n<\/tr>\n<tr class=\"row-5\">\n\t<td class=\"column-1\">iron and Steel<\/td><td class=\"column-2\">0.29 euros\/kg*<\/td>\n<\/tr>\n<tr class=\"row-6\">\n\t<td class=\"column-1\">Electronic waste (mixed)<\/td><td class=\"column-2\">0.69 euros\/kg*<\/td>\n<\/tr>\n<tr class=\"row-7\">\n\t<td class=\"column-1\">hard metal<\/td><td class=\"column-2\">16.49 euros\/kg*<\/td>\n<\/tr>\n<tr class=\"row-8\">\n\t<td class=\"column-1\">copper<\/td><td class=\"column-2\">7.47 euros\/kg*<\/td>\n<\/tr>\n<tr class=\"row-9\">\n\t<td class=\"column-1\">Brass <\/td><td class=\"column-2\">4.75 euros\/kg*<\/td>\n<\/tr>\n<tr class=\"row-10\">\n\t<td class=\"column-1\">zinc<\/td><td class=\"column-2\">1.71 euros\/kg*<\/td>\n<\/tr>\n<tr class=\"row-11\">\n\t<td class=\"column-1\">tin<\/td><td class=\"column-2\">15.98 euros\/kg*<\/td>\n<\/tr>\n<tr class=\"row-12\">\n\t<td class=\"column-1\">Gunmetal<\/td><td class=\"column-2\">6.02 euros\/kg*<\/td>\n<\/tr>\n<\/tbody>\n<\/table>\n<!-- #tablepress-1 from cache -->\n<p><span style=\"font-size: 10pt;\">* Prices depend on quantity and location. There is a possibility that larger quantities can potentially achieve higher prices.<\/span><\/p>\n<div class=\"schrottpreis-container\">\r\n  <div id=\"schrottpreisrechner\">\r\n    <h2>\ud83d\udcb0 Scrap price calculator<\/h2>\r\n\r\n    <label for=\"metall\">Metal:<\/label>\r\n    <select id=\"metall\">\r\n      <option value=\"7.11\">Copper Millberry \u2013 \u20ac7.11\/kg<\/option>\r\n      <option value=\"6.50\">Mixed copper \u2013 6.50 \u20ac\/kg<\/option>\r\n      <option value=\"0.20\">Mixed scrap \u2013 0.20 \u20ac\/kg<\/option>\r\n      <option value=\"1.00\">Aluminum \u2013 \u20ac1.00\/kg<\/option>\r\n      <option value=\"1.60\">Stainless steel \u2013 \u20ac1.60\/kg<\/option>\r\n    <\/select>\r\n\r\n    <label for=\"menge\">Quantity (in kg):<\/label>\r\n    <input type=\"number\" id=\"menge\" value=\"1\" min=\"0\" step=\"0.1\">\r\n\r\n    <button id=\"rechnen\">Calculate<\/button>\r\n\r\n    <p id=\"ergebnis\"><\/p>\r\n  <\/div>\r\n<\/div>\r\n\r\n<script>\r\ndocument.addEventListener(\"DOMContentLoaded\", function () {\r\n  const button = document.getElementById(\"rechnen\");\r\n  if (!button) return;\r\n\r\n  button.addEventListener(\"click\", function () {\r\n    const metall = document.getElementById(\"metall\").value;\r\n    const menge = document.getElementById(\"menge\").value;\r\n\r\n    if (!menge || menge <= 0) {\r\n      document.getElementById(\"ergebnis\").innerText = \"Bitte eine g\u00fcltige Menge eingeben.\";\r\n      return;\r\n    }\r\n\r\n    const gesamt = parseFloat(metall) * parseFloat(menge);\r\n    document.getElementById(\"ergebnis\").innerText = `Erwarteter Erl\u00f6s: ${gesamt.toFixed(2)}\u202f\u20ac`;\r\n  });\r\n});\r\n<\/script>\r\n\n<h2>What influences the current scrap prices?<\/h2>\n<p>Scrap prices must be recalculated daily as they are naturally subject to strong fluctuations. It is not just the relationship between supply and demand on the global market that plays an important role. Political decisions, crises and cartels also impact current scrap prices.<\/p>\n<p><img decoding=\"async\" class=\"aligncenter size-full wp-image-1202\" src=\"https:\/\/schrottpreise-aktuell.org\/wp-content\/uploads\/2025\/05\/schrottpreise-nach-bundesland-2024.png\" alt=\"Bar chart of average mixed scrap prices by federal state in 2024 in euros per kilogram.\" width=\"1979\" height=\"1580\" srcset=\"https:\/\/schrottpreise-aktuell.org\/wp-content\/uploads\/2025\/05\/schrottpreise-nach-bundesland-2024.png 1979w, https:\/\/schrottpreise-aktuell.org\/wp-content\/uploads\/2025\/05\/schrottpreise-nach-bundesland-2024-300x240.png 300w, https:\/\/schrottpreise-aktuell.org\/wp-content\/uploads\/2025\/05\/schrottpreise-nach-bundesland-2024-1024x818.png 1024w, https:\/\/schrottpreise-aktuell.org\/wp-content\/uploads\/2025\/05\/schrottpreise-nach-bundesland-2024-768x613.png 768w, https:\/\/schrottpreise-aktuell.org\/wp-content\/uploads\/2025\/05\/schrottpreise-nach-bundesland-2024-1536x1226.png 1536w, https:\/\/schrottpreise-aktuell.org\/wp-content\/uploads\/2025\/05\/schrottpreise-nach-bundesland-2024-15x12.png 15w\" sizes=\"(max-width: 1979px) 100vw, 1979px\" \/><\/p>\n<p>Due to globalization, the scrap trade now spans the entire world. This means that a natural disaster on the other side of the globe can have a fatal impact on domestic metal production.<\/p>\n<p>The large metal exchanges such as the offer important guidance for determining current scrap prices <a href=\"https:\/\/de.wikipedia.org\/wiki\/London_Metal_Exchange\" target=\"_blank\" rel=\"noopener\">London Metal Exchange<\/a> or the COMEX on the <a href=\"https:\/\/de.wikipedia.org\/wiki\/New_York_Mercantile_Exchange\" target=\"_blank\" rel=\"noopener\">New York Mercantile Exchange<\/a>.<\/p>\n<p>Local scrap dealers use the stock exchange prices of metals and alloys as a template for their own price calculations. Since every buyer of scrap has different costs, scrap prices differ between individual dealers.<\/p>\n<p>Therefore, you should always compare scrap prices before selling your scrap.<\/p>\n<h2>Which types of scrap are worth it?<\/h2>\n<p>Selling is particularly lucrative <strong><a href=\"https:\/\/schrottpreise-aktuell.org\/en\/e-waste-price\/\">Electronic waste<\/a><\/strong>, as many old devices contain high-quality precious metals and rare earths.<\/p>\n<p><img decoding=\"async\" class=\"aligncenter size-full wp-image-1201\" src=\"https:\/\/schrottpreise-aktuell.org\/wp-content\/uploads\/2025\/05\/metallpreissteigerung-top-5-2024.png\" alt=\"Bar chart of the five metal types with the highest percentage price increase in 2024\" width=\"1979\" height=\"1180\" srcset=\"https:\/\/schrottpreise-aktuell.org\/wp-content\/uploads\/2025\/05\/metallpreissteigerung-top-5-2024.png 1979w, https:\/\/schrottpreise-aktuell.org\/wp-content\/uploads\/2025\/05\/metallpreissteigerung-top-5-2024-300x179.png 300w, https:\/\/schrottpreise-aktuell.org\/wp-content\/uploads\/2025\/05\/metallpreissteigerung-top-5-2024-1024x611.png 1024w, https:\/\/schrottpreise-aktuell.org\/wp-content\/uploads\/2025\/05\/metallpreissteigerung-top-5-2024-768x458.png 768w, https:\/\/schrottpreise-aktuell.org\/wp-content\/uploads\/2025\/05\/metallpreissteigerung-top-5-2024-1536x916.png 1536w, https:\/\/schrottpreise-aktuell.org\/wp-content\/uploads\/2025\/05\/metallpreissteigerung-top-5-2024-18x12.png 18w\" sizes=\"(max-width: 1979px) 100vw, 1979px\" \/><\/p>\n<p>Higher quality <strong>tin scrap<\/strong> is also one of the leaders in the scrap metal industry. The current <a href=\"https:\/\/schrottpreise-aktuell.org\/en\/tin-price\/\">Tin prices<\/a> are over 10 euros per kilo. Valuable tin scrap often lies in attics or basements, just waiting to be turned into money.<\/p>\n<p>Also worn out <strong>hard metal<\/strong> is very valuable. For old milling cutters, drills or indexable inserts, the current price per kilo is <a href=\"https:\/\/schrottpreise-aktuell.org\/en\/carbide-price\/\">hard metal<\/a> at over 15 euros.<\/p>\n<p>It also pays well <strong>Copper scrap<\/strong>. The higher the purity of the copper being sold, the higher it will be <a href=\"https:\/\/schrottpreise-aktuell.org\/en\/copper-price\/\">Copper price<\/a>. A special form of copper scrap is cable scrap. With this type of scrap, the copper content also plays a central role in determining the scrap price.<\/p>\n<p><strong>Brass alloys<\/strong> are in the middle range of scrap prices. Depending on the nature of the material and the quantity sold, collecting brass can be worthwhile. Because from 500 kilos you can achieve a good one <a href=\"https:\/\/schrottpreise-aktuell.org\/en\/brass-price\/\">Brass price<\/a>.<\/p>\n<p><strong>zinc<\/strong> brings less revenue than brass, but since larger quantities of zinc are often collected in trade, industry or when demolishing buildings, selling zinc can be worthwhile. Since the <a href=\"https:\/\/schrottpreise-aktuell.org\/en\/zinc-price\/\">Zinc prices<\/a> fluctuate significantly, you should wait until a good time to sell arises.<\/p>\n<p><strong>Iron and steel scrap<\/strong> However, it is only worthwhile if you sell larger quantities, because the kilo prices for <a href=\"https:\/\/schrottpreise-aktuell.org\/en\/iron-and-steel\/\">steel<\/a> are currently in the cent range.<\/p>\n<p>Also for <strong>Lead<\/strong> you only get a few cents per kilo. Despite the low <a href=\"https:\/\/schrottpreise-aktuell.org\/en\/lead-price\/\">Lead prices<\/a> For the sake of the environment alone, lead should be handed over to the scrap dealer and thus returned to the recycling cycle.<\/p>\n<h2>Scrap price development from 2013 to 2024<\/h2>\n<p><img decoding=\"async\" class=\"aligncenter size-full wp-image-1199\" src=\"https:\/\/schrottpreise-aktuell.org\/wp-content\/uploads\/2025\/05\/schrottpreisentwicklung-mischschrott-2013-bis-2024.png\" alt=\"Graph showing the development of the average scrap price for mixed scrap from 2013 to 2024 in euros per kilogram\" width=\"1979\" height=\"1180\" srcset=\"https:\/\/schrottpreise-aktuell.org\/wp-content\/uploads\/2025\/05\/schrottpreisentwicklung-mischschrott-2013-bis-2024.png 1979w, https:\/\/schrottpreise-aktuell.org\/wp-content\/uploads\/2025\/05\/schrottpreisentwicklung-mischschrott-2013-bis-2024-300x179.png 300w, https:\/\/schrottpreise-aktuell.org\/wp-content\/uploads\/2025\/05\/schrottpreisentwicklung-mischschrott-2013-bis-2024-1024x611.png 1024w, https:\/\/schrottpreise-aktuell.org\/wp-content\/uploads\/2025\/05\/schrottpreisentwicklung-mischschrott-2013-bis-2024-768x458.png 768w, https:\/\/schrottpreise-aktuell.org\/wp-content\/uploads\/2025\/05\/schrottpreisentwicklung-mischschrott-2013-bis-2024-1536x916.png 1536w, https:\/\/schrottpreise-aktuell.org\/wp-content\/uploads\/2025\/05\/schrottpreisentwicklung-mischschrott-2013-bis-2024-18x12.png 18w\" sizes=\"(max-width: 1979px) 100vw, 1979px\" \/><\/p>\n<h2>Tips on how to sell your scrap at the best prices<\/h2>\n<p>1. Scrap dealers usually offer better prices for larger quantities of scrap. Therefore, you should wait until a large amount of scrap has accumulated if you have the storage capacity.<\/p>\n<p>2. Sort the scrap before going to the scrap buyer. Because pure scrap brings more money than mixed scrap. You should also remove dirt and buildup.<\/p>\n<p>3. Since scrap prices fluctuate greatly, you should sell at a time when scrap prices are particularly high. If you observe the scrap market for a while, you will get a feel for the price development.<\/p>\n<p>4. Always compare the purchase prices from online dealers with the prices of local scrap dealers. Sometimes you are surprised that you get a better price around the corner than from the online giant.<\/p>\n<p>5. Many valuable metals can be found at household clearances or at flea markets. People are often happy when someone picks up \u201cthe old junk\u201d for free. You may be lucky that so few people are familiar with the achievable scrap prices.<\/p>\n<p>6. If you want to collect scrap on a larger scale, you should find out in advance from the local trade office what permits are required. If you collect scrap commercially on the street or from friends without registering, this can lead to significant fines.<\/p>\n<p>You need to be particularly careful when collecting electronic waste. Due to the composition of electronic waste, you need very special certificates.<\/p>\n<p>Since scrap wholesalers have to prove the origin of the scrap, even as a small scrap collector you cannot avoid registering your business.<\/p>","protected":false},"excerpt":{"rendered":"<p>Current scrap prices for 1 kilo of scrap On our website you will find the current kilo prices for metal and electronic scrap in a table. We also provide you with valuable market data from the scrap industry, as well as numerous tips for selling scrap. Table of the current daily scrap prices on * Prices depend on quantity and location. There is a possibility that...&nbsp;<a href=\"https:\/\/schrottpreise-aktuell.org\/en\/\" rel=\"bookmark\">Read More \u00bb<span class=\"screen-reader-text\">Current scrap prices<\/span><\/a><\/p>","protected":false},"author":1,"featured_media":312,"parent":0,"menu_order":0,"comment_status":"closed","ping_status":"closed","template":"","meta":{"neve_meta_sidebar":"","neve_meta_container":"","neve_meta_enable_content_width":"off","neve_meta_content_width":100,"neve_meta_title_alignment":"","neve_meta_author_avatar":"","neve_post_elements_order":"","neve_meta_disable_header":"","neve_meta_disable_footer":"","neve_meta_disable_title":"on","neve_meta_reading_time":"","footnotes":""},"class_list":["post-17","page","type-page","status-publish","has-post-thumbnail","hentry"],"yoast_head":"<!-- This site is optimized with the Yoast SEO plugin v26.6 - https:\/\/yoast.com\/wordpress\/plugins\/seo\/ -->\n<title>Aktuelle Schrottpreise 2026 f\u00fcr Altmetall und Schrott mit Tabelle<\/title>\n<meta name=\"description\" content=\"Die aktuellen Schrottpreise f\u00fcr 1 Kilo Schrott auf einen Blick! Hier finden Sie alle Informationen und wie Sie davon profitieren k\u00f6nnen.\" \/>\n<meta name=\"robots\" content=\"index, follow, max-snippet:-1, max-image-preview:large, max-video-preview:-1\" \/>\n<link rel=\"canonical\" href=\"https:\/\/schrottpreise-aktuell.org\/en\/\" \/>\n<meta property=\"og:locale\" content=\"en_US\" \/>\n<meta property=\"og:type\" content=\"article\" \/>\n<meta property=\"og:title\" content=\"Aktuelle Schrottpreise 2026 f\u00fcr Altmetall und Schrott mit Tabelle\" \/>\n<meta property=\"og:description\" content=\"Die aktuellen Schrottpreise f\u00fcr 1 Kilo Schrott auf einen Blick! Hier finden Sie alle Informationen und wie Sie davon profitieren k\u00f6nnen.\" \/>\n<meta property=\"og:url\" content=\"https:\/\/schrottpreise-aktuell.org\/en\/\" \/>\n<meta property=\"og:site_name\" content=\"schrottpreise-aktuell.org\" \/>\n<meta property=\"article:modified_time\" content=\"2025-12-30T03:52:05+00:00\" \/>\n<meta property=\"og:image\" content=\"https:\/\/schrottpreise-aktuell.org\/wp-content\/uploads\/2023\/08\/scrap-metal-1124723_640.jpg\" \/>\n\t<meta property=\"og:image:width\" content=\"640\" \/>\n\t<meta property=\"og:image:height\" content=\"427\" \/>\n\t<meta property=\"og:image:type\" content=\"image\/jpeg\" \/>\n<meta name=\"twitter:card\" content=\"summary_large_image\" \/>\n<meta name=\"twitter:label1\" content=\"Est. reading time\" \/>\n\t<meta name=\"twitter:data1\" content=\"5 minutes\" \/>\n<script type=\"application\/ld+json\" class=\"yoast-schema-graph\">{\"@context\":\"https:\/\/schema.org\",\"@graph\":[{\"@type\":\"WebPage\",\"@id\":\"https:\/\/schrottpreise-aktuell.org\/\",\"url\":\"https:\/\/schrottpreise-aktuell.org\/\",\"name\":\"Aktuelle Schrottpreise 2026 f\u00fcr Altmetall und Schrott mit Tabelle\",\"isPartOf\":{\"@id\":\"https:\/\/schrottpreise-aktuell.org\/#website\"},\"primaryImageOfPage\":{\"@id\":\"https:\/\/schrottpreise-aktuell.org\/#primaryimage\"},\"image\":{\"@id\":\"https:\/\/schrottpreise-aktuell.org\/#primaryimage\"},\"thumbnailUrl\":\"https:\/\/schrottpreise-aktuell.org\/wp-content\/uploads\/2023\/08\/scrap-metal-1124723_640.jpg\",\"datePublished\":\"2023-05-24T18:52:57+00:00\",\"dateModified\":\"2025-12-30T03:52:05+00:00\",\"description\":\"Die aktuellen Schrottpreise f\u00fcr 1 Kilo Schrott auf einen Blick! Hier finden Sie alle Informationen und wie Sie davon profitieren k\u00f6nnen.\",\"breadcrumb\":{\"@id\":\"https:\/\/schrottpreise-aktuell.org\/#breadcrumb\"},\"inLanguage\":\"en-US\",\"potentialAction\":[{\"@type\":\"ReadAction\",\"target\":[\"https:\/\/schrottpreise-aktuell.org\/\"]}]},{\"@type\":\"ImageObject\",\"inLanguage\":\"en-US\",\"@id\":\"https:\/\/schrottpreise-aktuell.org\/#primaryimage\",\"url\":\"https:\/\/schrottpreise-aktuell.org\/wp-content\/uploads\/2023\/08\/scrap-metal-1124723_640.jpg\",\"contentUrl\":\"https:\/\/schrottpreise-aktuell.org\/wp-content\/uploads\/2023\/08\/scrap-metal-1124723_640.jpg\",\"width\":640,\"height\":427,\"caption\":\"Aktuelle Schrottpreise\"},{\"@type\":\"BreadcrumbList\",\"@id\":\"https:\/\/schrottpreise-aktuell.org\/#breadcrumb\",\"itemListElement\":[{\"@type\":\"ListItem\",\"position\":1,\"name\":\"Startseite\",\"item\":\"https:\/\/schrottpreise-aktuell.org\/\"},{\"@type\":\"ListItem\",\"position\":2,\"name\":\"Aktuelle Schrottpreise\"}]},{\"@type\":\"WebSite\",\"@id\":\"https:\/\/schrottpreise-aktuell.org\/#website\",\"url\":\"https:\/\/schrottpreise-aktuell.org\/\",\"name\":\"schrottpreise-aktuell.org\",\"description\":\"\",\"potentialAction\":[{\"@type\":\"SearchAction\",\"target\":{\"@type\":\"EntryPoint\",\"urlTemplate\":\"https:\/\/schrottpreise-aktuell.org\/?s={search_term_string}\"},\"query-input\":{\"@type\":\"PropertyValueSpecification\",\"valueRequired\":true,\"valueName\":\"search_term_string\"}}],\"inLanguage\":\"en-US\"}]}<\/script>\n<!-- \/ Yoast SEO plugin. -->","yoast_head_json":{"title":"Current scrap metal prices for 2026 with table","description":"The current scrap prices for 1 kilo of scrap at a glance! Here you will find all the information and how you can benefit from it.","robots":{"index":"index","follow":"follow","max-snippet":"max-snippet:-1","max-image-preview":"max-image-preview:large","max-video-preview":"max-video-preview:-1"},"canonical":"https:\/\/schrottpreise-aktuell.org\/en\/","og_locale":"en_US","og_type":"article","og_title":"Aktuelle Schrottpreise 2026 f\u00fcr Altmetall und Schrott mit Tabelle","og_description":"Die aktuellen Schrottpreise f\u00fcr 1 Kilo Schrott auf einen Blick! Hier finden Sie alle Informationen und wie Sie davon profitieren k\u00f6nnen.","og_url":"https:\/\/schrottpreise-aktuell.org\/en\/","og_site_name":"schrottpreise-aktuell.org","article_modified_time":"2025-12-30T03:52:05+00:00","og_image":[{"width":640,"height":427,"url":"https:\/\/schrottpreise-aktuell.org\/wp-content\/uploads\/2023\/08\/scrap-metal-1124723_640.jpg","type":"image\/jpeg"}],"twitter_card":"summary_large_image","twitter_misc":{"Est. reading time":"5 minutes"},"schema":{"@context":"https:\/\/schema.org","@graph":[{"@type":"WebPage","@id":"https:\/\/schrottpreise-aktuell.org\/","url":"https:\/\/schrottpreise-aktuell.org\/","name":"Current scrap metal prices for 2026 with table","isPartOf":{"@id":"https:\/\/schrottpreise-aktuell.org\/#website"},"primaryImageOfPage":{"@id":"https:\/\/schrottpreise-aktuell.org\/#primaryimage"},"image":{"@id":"https:\/\/schrottpreise-aktuell.org\/#primaryimage"},"thumbnailUrl":"https:\/\/schrottpreise-aktuell.org\/wp-content\/uploads\/2023\/08\/scrap-metal-1124723_640.jpg","datePublished":"2023-05-24T18:52:57+00:00","dateModified":"2025-12-30T03:52:05+00:00","description":"The current scrap prices for 1 kilo of scrap at a glance! Here you will find all the information and how you can benefit from it.","breadcrumb":{"@id":"https:\/\/schrottpreise-aktuell.org\/#breadcrumb"},"inLanguage":"en-US","potentialAction":[{"@type":"ReadAction","target":["https:\/\/schrottpreise-aktuell.org\/"]}]},{"@type":"ImageObject","inLanguage":"en-US","@id":"https:\/\/schrottpreise-aktuell.org\/#primaryimage","url":"https:\/\/schrottpreise-aktuell.org\/wp-content\/uploads\/2023\/08\/scrap-metal-1124723_640.jpg","contentUrl":"https:\/\/schrottpreise-aktuell.org\/wp-content\/uploads\/2023\/08\/scrap-metal-1124723_640.jpg","width":640,"height":427,"caption":"Aktuelle Schrottpreise"},{"@type":"BreadcrumbList","@id":"https:\/\/schrottpreise-aktuell.org\/#breadcrumb","itemListElement":[{"@type":"ListItem","position":1,"name":"Startseite","item":"https:\/\/schrottpreise-aktuell.org\/"},{"@type":"ListItem","position":2,"name":"Aktuelle Schrottpreise"}]},{"@type":"WebSite","@id":"https:\/\/schrottpreise-aktuell.org\/#website","url":"https:\/\/schrottpreise-aktuell.org\/","name":"scrapprices-aktuell.org","description":"","potentialAction":[{"@type":"SearchAction","target":{"@type":"EntryPoint","urlTemplate":"https:\/\/schrottpreise-aktuell.org\/?s={search_term_string}"},"query-input":{"@type":"PropertyValueSpecification","valueRequired":true,"valueName":"search_term_string"}}],"inLanguage":"en-US"}]}},"_links":{"self":[{"href":"https:\/\/schrottpreise-aktuell.org\/en\/wp-json\/wp\/v2\/pages\/17","targetHints":{"allow":["GET"]}}],"collection":[{"href":"https:\/\/schrottpreise-aktuell.org\/en\/wp-json\/wp\/v2\/pages"}],"about":[{"href":"https:\/\/schrottpreise-aktuell.org\/en\/wp-json\/wp\/v2\/types\/page"}],"author":[{"embeddable":true,"href":"https:\/\/schrottpreise-aktuell.org\/en\/wp-json\/wp\/v2\/users\/1"}],"replies":[{"embeddable":true,"href":"https:\/\/schrottpreise-aktuell.org\/en\/wp-json\/wp\/v2\/comments?post=17"}],"version-history":[{"count":9,"href":"https:\/\/schrottpreise-aktuell.org\/en\/wp-json\/wp\/v2\/pages\/17\/revisions"}],"predecessor-version":[{"id":1207,"href":"https:\/\/schrottpreise-aktuell.org\/en\/wp-json\/wp\/v2\/pages\/17\/revisions\/1207"}],"wp:featuredmedia":[{"embeddable":true,"href":"https:\/\/schrottpreise-aktuell.org\/en\/wp-json\/wp\/v2\/media\/312"}],"wp:attachment":[{"href":"https:\/\/schrottpreise-aktuell.org\/en\/wp-json\/wp\/v2\/media?parent=17"}],"curies":[{"name":"wp","href":"https:\/\/api.w.org\/{rel}","templated":true}]}}